{"id":17,"date":"2023-11-01T02:10:46","date_gmt":"2023-11-01T01:10:46","guid":{"rendered":"https:\/\/astemporary.pl\/?page_id=17"},"modified":"2024-02-26T20:00:05","modified_gmt":"2024-02-26T19:00:05","slug":"naturoterapia","status":"publish","type":"page","link":"https:\/\/astemporary.pl\/?page_id=17","title":{"rendered":"NATUROTERAPIA"},"content":{"rendered":"\t\t<div data-elementor-type=\"wp-page\" data-elementor-id=\"17\" class=\"elementor elementor-17\">\n\t\t\t\t\t\t\t<div class=\"elementor-element elementor-element-990ee49 e-flex e-con-boxed e-con e-parent\" data-id=\"990ee49\" data-element_type=\"container\" data-settings=\"{&quot;background_background&quot;:&quot;classic&quot;,&quot;content_width&quot;:&quot;boxed&quot;}\" data-core-v316-plus=\"true\">\n\t\t\t\t\t<div class=\"e-con-inner\">\n\t\t\t\t<div class=\"elementor-element elementor-element-5caf49b elementor-widget elementor-widget-text-editor\" data-id=\"5caf49b\" data-element_type=\"widget\" data-widget_type=\"text-editor.default\">\n\t\t\t\t<div class=\"elementor-widget-container\">\n\t\t\t<style>\/*! elementor - v3.18.0 - 08-12-2023 *\/\n.elementor-widget-text-editor.elementor-drop-cap-view-stacked .elementor-drop-cap{background-color:#69727d;color:#fff}.elementor-widget-text-editor.elementor-drop-cap-view-framed .elementor-drop-cap{color:#69727d;border:3px solid;background-color:transparent}.elementor-widget-text-editor:not(.elementor-drop-cap-view-default) .elementor-drop-cap{margin-top:8px}.elementor-widget-text-editor:not(.elementor-drop-cap-view-default) .elementor-drop-cap-letter{width:1em;height:1em}.elementor-widget-text-editor .elementor-drop-cap{float:left;text-align:center;line-height:1;font-size:50px}.elementor-widget-text-editor .elementor-drop-cap-letter{display:inline-block}<\/style>\t\t\t\t\t\t\t\t\t\t<\/div>\n\t\t\t\t<\/div>\n\t\t\t\t\t<\/div>\n\t\t\t\t<\/div>\n\t\t<div class=\"elementor-element elementor-element-d6819e8 e-flex e-con-boxed e-con e-parent\" data-id=\"d6819e8\" data-element_type=\"container\" data-settings=\"{&quot;content_width&quot;:&quot;boxed&quot;}\" data-core-v316-plus=\"true\">\n\t\t\t\t\t<div class=\"e-con-inner\">\n\t\t<div class=\"elementor-element elementor-element-64e32cd e-con-full e-flex e-con e-child\" data-id=\"64e32cd\" data-element_type=\"container\" data-settings=\"{&quot;content_width&quot;:&quot;full&quot;}\">\n\t\t\t\t<\/div>\n\t\t<div class=\"elementor-element elementor-element-cfd6ce4 e-con-full e-flex e-con e-child\" data-id=\"cfd6ce4\" data-element_type=\"container\" data-settings=\"{&quot;content_width&quot;:&quot;full&quot;}\">\n\t\t\t\t<div class=\"elementor-element elementor-element-9a2bf19 elementor-widget elementor-widget-heading\" data-id=\"9a2bf19\" data-element_type=\"widget\" data-widget_type=\"heading.default\">\n\t\t\t\t<div class=\"elementor-widget-container\">\n\t\t\t<style>\/*! elementor - v3.18.0 - 08-12-2023 *\/\n.elementor-heading-title{padding:0;margin:0;line-height:1}.elementor-widget-heading .elementor-heading-title[class*=elementor-size-]>a{color:inherit;font-size:inherit;line-height:inherit}.elementor-widget-heading .elementor-heading-title.elementor-size-small{font-size:15px}.elementor-widget-heading .elementor-heading-title.elementor-size-medium{font-size:19px}.elementor-widget-heading .elementor-heading-title.elementor-size-large{font-size:29px}.elementor-widget-heading .elementor-heading-title.elementor-size-xl{font-size:39px}.elementor-widget-heading .elementor-heading-title.elementor-size-xxl{font-size:59px}<\/style><h2 class=\"elementor-heading-title elementor-size-default\">Naturoterapia:<\/h2>\t\t<\/div>\n\t\t\t\t<\/div>\n\t\t\t\t<div class=\"elementor-element elementor-element-2ce32d4 elementor-widget elementor-widget-text-editor\" data-id=\"2ce32d4\" data-element_type=\"widget\" data-widget_type=\"text-editor.default\">\n\t\t\t\t<div class=\"elementor-widget-container\">\n\t\t\t\t\t\t\t<p>Synteza zawodu Naturopata zawiera si\u0119 w jej celu, czyli w oparciu o wcze\u015bniejsz\u0105 diagnoz\u0119, wyb\u00f3r terapii naturalnej przywracaj\u0105cej zdrowie. Istot\u0105 Natruropatii jest propagowanie zdrowego modelu \u017cycia przez wdro\u017cenie w codzienno\u015b\u0107 profilaktyki utrzymuj\u0105cej r\u00f3wnowag\u0119 energetyczn\u0105 i dobrostan.<br \/>Naturopaci wykorzystuj\u0105 wiedz\u0119 z zakresu tradycyjnych metod. Stosuj\u0105 w terapiach suplementacj\u0119, zio\u0142olecznictwo, esencje zio\u0142owe, techniki manualne, \u015bwiadome od\u017cywianie. Oddzia\u0142ywaj\u0105 na psychik\u0119 stosuj\u0105c hipnoterapi\u0119. Pos\u0142uguj\u0105 si\u0119 wiedz\u0105 i technikami bienergoterapii. Stosuj\u0105 podstawowy sprz\u0119t radiestezyjny. <br \/>Wielu naturopat\u00f3w stosuje zaawansowany sprz\u0119t diagnostyczny po\u0142\u0105czony z suplementacj\u0105.<\/p>\t\t\t\t\t\t<\/div>\n\t\t\t\t<\/div>\n\t\t\t\t<div class=\"elementor-element elementor-element-c88bcc9 elementor-widget elementor-widget-heading\" data-id=\"c88bcc9\" data-element_type=\"widget\" data-widget_type=\"heading.default\">\n\t\t\t\t<div class=\"elementor-widget-container\">\n\t\t\t<h4 class=\"elementor-heading-title elementor-size-default\">W czym mog\u0119 pom\u00f3c?<\/h4>\t\t<\/div>\n\t\t\t\t<\/div>\n\t\t\t\t<div class=\"elementor-element elementor-element-173aa45 elementor-widget elementor-widget-text-editor\" data-id=\"173aa45\" data-element_type=\"widget\" data-widget_type=\"text-editor.default\">\n\t\t\t\t<div class=\"elementor-widget-container\">\n\t\t\t\t\t\t\t<p>Naturoterapti\u0119 stosuj\u0119 jako rozszerzenie dzia\u0142a\u0144 radiestezyjnych i bioenergoterapeutycznych w zakresie przywracaj\u0105cych r\u00f3wnowagi energetycznej i osi\u0105gania dobrostanu. S\u0105 to dla mnie metody i techniki uzupe\u0142niaj\u0105ce zabiegi biotereapeutyczne.<br \/>Je\u015bli ju\u017c dodatkowo stosuj\u0119 naturopati\u0119 to w oparciu o w\u0142asne diagnozy stanu energetycznego osoby potrzebuj\u0105cej.<\/p>\t\t\t\t\t\t<\/div>\n\t\t\t\t<\/div>\n\t\t\t\t<div class=\"elementor-element elementor-element-bd93cc9 elementor-widget elementor-widget-heading\" data-id=\"bd93cc9\" data-element_type=\"widget\" data-widget_type=\"heading.default\">\n\t\t\t\t<div class=\"elementor-widget-container\">\n\t\t\t<h4 class=\"elementor-heading-title elementor-size-default\">Metody jakie stosuj\u0119 to:<\/h4>\t\t<\/div>\n\t\t\t\t<\/div>\n\t\t\t\t<div class=\"elementor-element elementor-element-4e9a7d2 elementor-widget elementor-widget-text-editor\" data-id=\"4e9a7d2\" data-element_type=\"widget\" data-widget_type=\"text-editor.default\">\n\t\t\t\t<div class=\"elementor-widget-container\">\n\t\t\t\t\t\t\t<ul><li>Masa\u017ce ajurwedyjskie ca\u0142ego cia\u0142a (abiangha) daj\u0105ce rozlu\u017anienie i usuniecie zasta\u0142ych blokad energetycznych.<\/li><li>Masa\u017ce kr\u0119gos\u0142upa likwiduj\u0105ce przykurcze i blokady w gorsecie mi\u0119\u015bni kr\u0119gos\u0142upowych.<\/li><li>Zestawy \u0107wiczenia fizycznych i ruchowych przywracaj\u0105cych harmonijny przep\u0142ywy energii \u017cyciowej.<\/li><li>Specjalnie komponowane mieszanki zio\u0142owe na potrzeby klienta.<\/li><li>R\u00f3wnowa\u017cenie niedobor\u00f3w mikro i makroelement\u00f3w poprzez wprowadzenie okresowej diety.<\/li><li>\u015awiecowanie (konchowanie) uszu jako metod\u0119 oczyszczaj\u0105c\u0105 na zatoki, g\u00f3rne drogi oddechowe, na ogrzanie i oczyszczenie uk\u0142adu moczowego.<\/li><li>Okadzanie na problemy z ulokowane w polu mentalnym <\/li><li>W razie potrzeby stosuj\u0119 terapie wspomagan\u0105 kryszta\u0142ami<\/li><li>Oraz wiele technik wywodz\u0105cych si\u0119 z szamanizmu z r\u00f3\u017cnych stron \u015bwiata.<\/li><\/ul>\t\t\t\t\t\t<\/div>\n\t\t\t\t<\/div>\n\t\t\t\t<div class=\"elementor-element elementor-element-85c4eed elementor-widget elementor-widget-heading\" data-id=\"85c4eed\" data-element_type=\"widget\" data-widget_type=\"heading.default\">\n\t\t\t\t<div class=\"elementor-widget-container\">\n\t\t\t<h4 class=\"elementor-heading-title elementor-size-default\">Czego nie stosuj\u0119:<\/h4>\t\t<\/div>\n\t\t\t\t<\/div>\n\t\t\t\t<div class=\"elementor-element elementor-element-829d1f8 elementor-widget elementor-widget-text-editor\" data-id=\"829d1f8\" data-element_type=\"widget\" data-widget_type=\"text-editor.default\">\n\t\t\t\t<div class=\"elementor-widget-container\">\n\t\t\t\t\t\t\t<p>Na pewno nie zastosuj\u0119 elektronicznej aparatury diagnostycznej. Wychodz\u0105c z za\u0142o\u017cenia, \u017ce najwi\u0119cej dowiem si\u0119 o kliencie badaj\u0105c jego stan energetyczny metodami radiestezyjnymi i bioenergoterapeutycznymi. Patrz\u0105c klientowi w oczy, obserwuj\u0105c jego oddech, diagnozuj\u0105c z twarzy oraz badaj\u0105c jego puls.<br \/>Na pewno nie zapisz\u0119 wam \u017cadnych suplement\u00f3w. Nie jestem zwi\u0105zany \u017cadnym kontraktem i nie jestem przedstawicielem handlowych \u017cadnych specyfik\u00f3w. Zamiast tego zainspiruj\u0119 Ci\u0119 do \u015bwiadomego od\u017cywiania i s\u0142uchania ukrytych potrzeb Twojego cia\u0142a.<\/p>\t\t\t\t\t\t<\/div>\n\t\t\t\t<\/div>\n\t\t\t\t<div class=\"elementor-element elementor-element-709b7b0 elementor-widget elementor-widget-heading\" data-id=\"709b7b0\" data-element_type=\"widget\" data-widget_type=\"heading.default\">\n\t\t\t\t<div class=\"elementor-widget-container\">\n\t\t\t<h4 class=\"elementor-heading-title elementor-size-default\">Jak um\u00f3wi\u0107 nasze spotkanie?<\/h4>\t\t<\/div>\n\t\t\t\t<\/div>\n\t\t\t\t<div class=\"elementor-element elementor-element-7f2e31a elementor-widget elementor-widget-text-editor\" data-id=\"7f2e31a\" data-element_type=\"widget\" data-widget_type=\"text-editor.default\">\n\t\t\t\t<div class=\"elementor-widget-container\">\n\t\t\t\t\t\t\t<p>Zanim zastosuj\u0119 na Tobie dzia\u0142ania naturopatyczne, b\u0119dziesz poddany diagnozie i zabiegowi bioenergotereapeutycznemu. Je\u015bli b\u0119dzie rzeczywista potrzeba zaoferuj\u0119 pomac z zakresu naturopatii.<\/p>\t\t\t\t\t\t<\/div>\n\t\t\t\t<\/div>\n\t\t\t\t<\/div>\n\t\t\t\t\t<\/div>\n\t\t\t\t<\/div>\n\t\t\t\t\t\t\t<\/div>\n\t\t","protected":false},"excerpt":{"rendered":"<p>Naturoterapia: Synteza zawodu Naturopata zawiera si\u0119 w jej celu, czyli w oparciu o wcze\u015bniejsz\u0105 diagnoz\u0119, wyb\u00f3r terapii naturalnej przywracaj\u0105cej zdrowie. Istot\u0105 Natruropatii jest propagowanie zdrowego modelu \u017cycia przez wdro\u017cenie w codzienno\u015b\u0107 profilaktyki utrzymuj\u0105cej r\u00f3wnowag\u0119 energetyczn\u0105 i dobrostan.Naturopaci wykorzystuj\u0105 wiedz\u0119 z zakresu tradycyjnych metod. Stosuj\u0105 w terapiach suplementacj\u0119, zio\u0142olecznictwo, esencje zio\u0142owe, techniki manualne, \u015bwiadome od\u017cywianie. Oddzia\u0142ywaj\u0105 &hellip;<\/p>\n<p class=\"read-more\"> <a class=\"\" href=\"https:\/\/astemporary.pl\/?page_id=17\"> <span class=\"screen-reader-text\">NATUROTERAPIA<\/span> Read More &raquo;<\/a><\/p>\n","protected":false},"author":1,"featured_media":0,"parent":0,"menu_order":0,"comment_status":"closed","ping_status":"closed","template":"","meta":{"site-sidebar-layout":"no-sidebar","site-content-layout":"","ast-site-content-layout":"full-width-container","site-content-style":"default","site-sidebar-style":"default","ast-global-header-display":"","ast-banner-title-visibility":"","ast-main-header-display":"","ast-hfb-above-header-display":"","ast-hfb-below-header-display":"","ast-hfb-mobile-header-display":"","site-post-title":"disabled","ast-breadcrumbs-content":"","ast-featured-img":"disabled","footer-sml-layout":"","theme-transparent-header-meta":"default","adv-header-id-meta":"","stick-header-meta":"","header-above-stick-meta":"","header-main-stick-meta":"","header-below-stick-meta":"","astra-migrate-meta-layouts":"set","ast-page-background-enabled":"default","ast-page-background-meta":{"desktop":{"background-color":"var(--ast-global-color-4)","background-image":"","background-repeat":"repeat","background-position":"center center","background-size":"auto","background-attachment":"scroll","background-type":"","background-media":"","overlay-type":"","overlay-color":"","overlay-gradient":""},"tablet":{"background-color":"","background-image":"","background-repeat":"repeat","background-position":"center center","background-size":"auto","background-attachment":"scroll","background-type":"","background-media":"","overlay-type":"","overlay-color":"","overlay-gradient":""},"mobile":{"background-color":"","background-image":"","background-repeat":"repeat","background-position":"center center","background-size":"auto","background-attachment":"scroll","background-type":"","background-media":"","overlay-type":"","overlay-color":"","overlay-gradient":""}},"ast-content-background-meta":{"desktop":{"background-color":"var(--ast-global-color-5)","background-image":"","background-repeat":"repeat","background-position":"center center","background-size":"auto","background-attachment":"scroll","background-type":"","background-media":"","overlay-type":"","overlay-color":"","overlay-gradient":""},"tablet":{"background-color":"var(--ast-global-color-5)","background-image":"","background-repeat":"repeat","background-position":"center center","background-size":"auto","background-attachment":"scroll","background-type":"","background-media":"","overlay-type":"","overlay-color":"","overlay-gradient":""},"mobile":{"background-color":"var(--ast-global-color-5)","background-image":"","background-repeat":"repeat","background-position":"center center","background-size":"auto","background-attachment":"scroll","background-type":"","background-media":"","overlay-type":"","overlay-color":"","overlay-gradient":""}},"footnotes":""},"class_list":["post-17","page","type-page","status-publish","hentry"],"_links":{"self":[{"href":"https:\/\/astemporary.pl\/index.php?rest_route=\/wp\/v2\/pages\/17","targetHints":{"allow":["GET"]}}],"collection":[{"href":"https:\/\/astemporary.pl\/index.php?rest_route=\/wp\/v2\/pages"}],"about":[{"href":"https:\/\/astemporary.pl\/index.php?rest_route=\/wp\/v2\/types\/page"}],"author":[{"embeddable":true,"href":"https:\/\/astemporary.pl\/index.php?rest_route=\/wp\/v2\/users\/1"}],"replies":[{"embeddable":true,"href":"https:\/\/astemporary.pl\/index.php?rest_route=%2Fwp%2Fv2%2Fcomments&post=17"}],"version-history":[{"count":22,"href":"https:\/\/astemporary.pl\/index.php?rest_route=\/wp\/v2\/pages\/17\/revisions"}],"predecessor-version":[{"id":341,"href":"https:\/\/astemporary.pl\/index.php?rest_route=\/wp\/v2\/pages\/17\/revisions\/341"}],"wp:attachment":[{"href":"https:\/\/astemporary.pl\/index.php?rest_route=%2Fwp%2Fv2%2Fmedia&parent=17"}],"curies":[{"name":"wp","href":"https:\/\/api.w.org\/{rel}","templated":true}]}}