{"id":13,"date":"2023-11-01T02:05:01","date_gmt":"2023-11-01T01:05:01","guid":{"rendered":"https:\/\/astemporary.pl\/?page_id=13"},"modified":"2023-11-17T13:34:50","modified_gmt":"2023-11-17T12:34:50","slug":"energoterapia","status":"publish","type":"page","link":"https:\/\/astemporary.pl\/?page_id=13","title":{"rendered":"ENERGOTERAPIA"},"content":{"rendered":"\t\t<div data-elementor-type=\"wp-page\" data-elementor-id=\"13\" class=\"elementor elementor-13\">\n\t\t\t\t\t\t\t<div class=\"elementor-element elementor-element-dbeb3db e-flex e-con-boxed e-con e-parent\" data-id=\"dbeb3db\" data-element_type=\"container\" data-settings=\"{&quot;background_background&quot;:&quot;classic&quot;,&quot;content_width&quot;:&quot;boxed&quot;}\" data-core-v316-plus=\"true\">\n\t\t\t\t\t<div class=\"e-con-inner\">\n\t\t<div class=\"elementor-element elementor-element-cd1eb4a e-con-full e-flex e-con e-child\" data-id=\"cd1eb4a\" data-element_type=\"container\" data-settings=\"{&quot;content_width&quot;:&quot;full&quot;}\">\n\t\t\t\t<div class=\"elementor-element elementor-element-c2b6d96 elementor-widget elementor-widget-image\" data-id=\"c2b6d96\" data-element_type=\"widget\" data-widget_type=\"image.default\">\n\t\t\t\t<div class=\"elementor-widget-container\">\n\t\t\t<style>\/*! elementor - v3.18.0 - 08-12-2023 *\/\n.elementor-widget-image{text-align:center}.elementor-widget-image a{display:inline-block}.elementor-widget-image a img[src$=\".svg\"]{width:48px}.elementor-widget-image img{vertical-align:middle;display:inline-block}<\/style>\t\t\t\t\t\t\t\t\t\t\t\t<img fetchpriority=\"high\" decoding=\"async\" width=\"504\" height=\"787\" src=\"https:\/\/astemporary.pl\/wp-content\/uploads\/2023\/11\/Bioenergoterapia_2.jpeg\" class=\"attachment-large size-large wp-image-253\" alt=\"\" srcset=\"https:\/\/astemporary.pl\/wp-content\/uploads\/2023\/11\/Bioenergoterapia_2.jpeg 504w, https:\/\/astemporary.pl\/wp-content\/uploads\/2023\/11\/Bioenergoterapia_2-192x300.jpeg 192w\" sizes=\"(max-width: 504px) 100vw, 504px\" \/>\t\t\t\t\t\t\t\t\t\t\t\t\t\t\t<\/div>\n\t\t\t\t<\/div>\n\t\t\t\t<\/div>\n\t\t<div class=\"elementor-element elementor-element-0f90c3f e-con-full e-flex e-con e-child\" data-id=\"0f90c3f\" data-element_type=\"container\" data-settings=\"{&quot;content_width&quot;:&quot;full&quot;}\">\n\t\t\t\t<div class=\"elementor-element elementor-element-cfce61d elementor-widget elementor-widget-heading\" data-id=\"cfce61d\" data-element_type=\"widget\" data-widget_type=\"heading.default\">\n\t\t\t\t<div class=\"elementor-widget-container\">\n\t\t\t<style>\/*! elementor - v3.18.0 - 08-12-2023 *\/\n.elementor-heading-title{padding:0;margin:0;line-height:1}.elementor-widget-heading .elementor-heading-title[class*=elementor-size-]>a{color:inherit;font-size:inherit;line-height:inherit}.elementor-widget-heading .elementor-heading-title.elementor-size-small{font-size:15px}.elementor-widget-heading .elementor-heading-title.elementor-size-medium{font-size:19px}.elementor-widget-heading .elementor-heading-title.elementor-size-large{font-size:29px}.elementor-widget-heading .elementor-heading-title.elementor-size-xl{font-size:39px}.elementor-widget-heading .elementor-heading-title.elementor-size-xxl{font-size:59px}<\/style><h2 class=\"elementor-heading-title elementor-size-default\">Bioenergoterapia<\/h2>\t\t<\/div>\n\t\t\t\t<\/div>\n\t\t\t\t<div class=\"elementor-element elementor-element-1fa744e elementor-widget-divider--view-line elementor-widget elementor-widget-divider\" data-id=\"1fa744e\" data-element_type=\"widget\" data-widget_type=\"divider.default\">\n\t\t\t\t<div class=\"elementor-widget-container\">\n\t\t\t<style>\/*! elementor - v3.18.0 - 08-12-2023 *\/\n.elementor-widget-divider{--divider-border-style:none;--divider-border-width:1px;--divider-color:#0c0d0e;--divider-icon-size:20px;--divider-element-spacing:10px;--divider-pattern-height:24px;--divider-pattern-size:20px;--divider-pattern-url:none;--divider-pattern-repeat:repeat-x}.elementor-widget-divider .elementor-divider{display:flex}.elementor-widget-divider .elementor-divider__text{font-size:15px;line-height:1;max-width:95%}.elementor-widget-divider .elementor-divider__element{margin:0 var(--divider-element-spacing);flex-shrink:0}.elementor-widget-divider .elementor-icon{font-size:var(--divider-icon-size)}.elementor-widget-divider .elementor-divider-separator{display:flex;margin:0;direction:ltr}.elementor-widget-divider--view-line_icon .elementor-divider-separator,.elementor-widget-divider--view-line_text .elementor-divider-separator{align-items:center}.elementor-widget-divider--view-line_icon .elementor-divider-separator:after,.elementor-widget-divider--view-line_icon .elementor-divider-separator:before,.elementor-widget-divider--view-line_text .elementor-divider-separator:after,.elementor-widget-divider--view-line_text .elementor-divider-separator:before{display:block;content:\"\";border-bottom:0;flex-grow:1;border-top:var(--divider-border-width) var(--divider-border-style) var(--divider-color)}.elementor-widget-divider--element-align-left .elementor-divider .elementor-divider-separator>.elementor-divider__svg:first-of-type{flex-grow:0;flex-shrink:100}.elementor-widget-divider--element-align-left .elementor-divider-separator:before{content:none}.elementor-widget-divider--element-align-left .elementor-divider__element{margin-left:0}.elementor-widget-divider--element-align-right .elementor-divider .elementor-divider-separator>.elementor-divider__svg:last-of-type{flex-grow:0;flex-shrink:100}.elementor-widget-divider--element-align-right .elementor-divider-separator:after{content:none}.elementor-widget-divider--element-align-right .elementor-divider__element{margin-right:0}.elementor-widget-divider:not(.elementor-widget-divider--view-line_text):not(.elementor-widget-divider--view-line_icon) .elementor-divider-separator{border-top:var(--divider-border-width) var(--divider-border-style) var(--divider-color)}.elementor-widget-divider--separator-type-pattern{--divider-border-style:none}.elementor-widget-divider--separator-type-pattern.elementor-widget-divider--view-line .elementor-divider-separator,.elementor-widget-divider--separator-type-pattern:not(.elementor-widget-divider--view-line) .elementor-divider-separator:after,.elementor-widget-divider--separator-type-pattern:not(.elementor-widget-divider--view-line) .elementor-divider-separator:before,.elementor-widget-divider--separator-type-pattern:not([class*=elementor-widget-divider--view]) .elementor-divider-separator{width:100%;min-height:var(--divider-pattern-height);-webkit-mask-size:var(--divider-pattern-size) 100%;mask-size:var(--divider-pattern-size) 100%;-webkit-mask-repeat:var(--divider-pattern-repeat);mask-repeat:var(--divider-pattern-repeat);background-color:var(--divider-color);-webkit-mask-image:var(--divider-pattern-url);mask-image:var(--divider-pattern-url)}.elementor-widget-divider--no-spacing{--divider-pattern-size:auto}.elementor-widget-divider--bg-round{--divider-pattern-repeat:round}.rtl .elementor-widget-divider .elementor-divider__text{direction:rtl}.e-con-inner>.elementor-widget-divider,.e-con>.elementor-widget-divider{width:var(--container-widget-width,100%);--flex-grow:var(--container-widget-flex-grow)}<\/style>\t\t<div class=\"elementor-divider\">\n\t\t\t<span class=\"elementor-divider-separator\">\n\t\t\t\t\t\t<\/span>\n\t\t<\/div>\n\t\t\t\t<\/div>\n\t\t\t\t<\/div>\n\t\t\t\t<div class=\"elementor-element elementor-element-25726b1 elementor-widget elementor-widget-text-editor\" data-id=\"25726b1\" data-element_type=\"widget\" data-widget_type=\"text-editor.default\">\n\t\t\t\t<div class=\"elementor-widget-container\">\n\t\t\t<style>\/*! elementor - v3.18.0 - 08-12-2023 *\/\n.elementor-widget-text-editor.elementor-drop-cap-view-stacked .elementor-drop-cap{background-color:#69727d;color:#fff}.elementor-widget-text-editor.elementor-drop-cap-view-framed .elementor-drop-cap{color:#69727d;border:3px solid;background-color:transparent}.elementor-widget-text-editor:not(.elementor-drop-cap-view-default) .elementor-drop-cap{margin-top:8px}.elementor-widget-text-editor:not(.elementor-drop-cap-view-default) .elementor-drop-cap-letter{width:1em;height:1em}.elementor-widget-text-editor .elementor-drop-cap{float:left;text-align:center;line-height:1;font-size:50px}.elementor-widget-text-editor .elementor-drop-cap-letter{display:inline-block}<\/style>\t\t\t\t<p><strong>Bioenergoterapia<\/strong> to praktyczna umiej\u0119tno\u015b\u0107 \u015bwiadomego odczuwania zaburze\u0144 energetycznych i\u00a0(\u015bwiadomego???) oddzia\u0142ywania terapeuty na pacjenta w celu przywr\u00f3cenia r\u00f3wnowagi energetycznej<br \/>Definicja zak\u0142ada:<br \/>fakt istnienia energetycznej struktury cia\u0142a cz\u0142owieka wychodz\u0105cej poza cia\u0142o fizyczne,<br \/>umiej\u0119tno\u015bci terapeuty do odczuwania oraz lokalizacji stref zaburze\u0144 energetycznych i\u00a0w\u0142a\u015bciwego postawienia diagnozy,<br \/>fakt, \u017ce potencja\u0142 energetyczny terapeuty oraz jego umiej\u0119tno\u015bci stwarzaj\u0105 mo\u017cliwo\u015b\u0107 do oddzia\u0142ywania na\u00a0potrzebuj\u0105cego cz\u0142owieka w\u00a0celu przywr\u00f3cenia r\u00f3wnowagi energetycznej.<br \/>Definicja opiera si\u0119 na tym, \u017ce bioterapeuta odczuwa (widzi\u2026 wie\u2026 czuje\u2026) wi\u0119cej ni\u017c przeci\u0119tny cz\u0142owiek z\u00a0racji swoich predyspozycji oraz do\u015bwiadczenia. Terapeuta posiada wiedz\u0119 oraz do\u015bwiadczenie (kompetencje potwierdzone kwalifikacjami) do tego by stosowa\u0107 metody i\u00a0techniki terapeutyczne w celu rozwi\u0105zywania r\u00f3\u017cnych problem\u00f3w,<br \/>Du\u017ca cz\u0119\u015b\u0107 powy\u017cszej definicji odnosi si\u0119 r\u00f3wnie\u017c do radiestezji terapeutycznej, w\u00a0kt\u00f3rej mamy do czynienia ze \u015bwiadomym oddzia\u0142ywaniem na osoby tego potrzebuj\u0105ce.<\/p>\t\t\t\t\t\t<\/div>\n\t\t\t\t<\/div>\n\t\t\t\t<\/div>\n\t\t\t\t\t<\/div>\n\t\t\t\t<\/div>\n\t\t<div class=\"elementor-element elementor-element-dad517b e-flex e-con-boxed e-con e-parent\" data-id=\"dad517b\" data-element_type=\"container\" data-settings=\"{&quot;content_width&quot;:&quot;boxed&quot;}\" data-core-v316-plus=\"true\">\n\t\t\t\t\t<div class=\"e-con-inner\">\n\t\t\t\t<div class=\"elementor-element elementor-element-30dd98e elementor-widget elementor-widget-spacer\" data-id=\"30dd98e\" data-element_type=\"widget\" data-widget_type=\"spacer.default\">\n\t\t\t\t<div class=\"elementor-widget-container\">\n\t\t\t<style>\/*! elementor - v3.18.0 - 08-12-2023 *\/\n.elementor-column .elementor-spacer-inner{height:var(--spacer-size)}.e-con{--container-widget-width:100%}.e-con-inner>.elementor-widget-spacer,.e-con>.elementor-widget-spacer{width:var(--container-widget-width,var(--spacer-size));--align-self:var(--container-widget-align-self,initial);--flex-shrink:0}.e-con-inner>.elementor-widget-spacer>.elementor-widget-container,.e-con>.elementor-widget-spacer>.elementor-widget-container{height:100%;width:100%}.e-con-inner>.elementor-widget-spacer>.elementor-widget-container>.elementor-spacer,.e-con>.elementor-widget-spacer>.elementor-widget-container>.elementor-spacer{height:100%}.e-con-inner>.elementor-widget-spacer>.elementor-widget-container>.elementor-spacer>.elementor-spacer-inner,.e-con>.elementor-widget-spacer>.elementor-widget-container>.elementor-spacer>.elementor-spacer-inner{height:var(--container-widget-height,var(--spacer-size))}.e-con-inner>.elementor-widget-spacer.elementor-widget-empty,.e-con>.elementor-widget-spacer.elementor-widget-empty{position:relative;min-height:22px;min-width:22px}.e-con-inner>.elementor-widget-spacer.elementor-widget-empty .elementor-widget-empty-icon,.e-con>.elementor-widget-spacer.elementor-widget-empty .elementor-widget-empty-icon{position:absolute;top:0;bottom:0;left:0;right:0;margin:auto;padding:0;width:22px;height:22px}<\/style>\t\t<div class=\"elementor-spacer\">\n\t\t\t<div class=\"elementor-spacer-inner\"><\/div>\n\t\t<\/div>\n\t\t\t\t<\/div>\n\t\t\t\t<\/div>\n\t\t\t\t\t<\/div>\n\t\t\t\t<\/div>\n\t\t<div class=\"elementor-element elementor-element-4c9f071 e-flex e-con-boxed e-con e-parent\" data-id=\"4c9f071\" data-element_type=\"container\" data-settings=\"{&quot;content_width&quot;:&quot;boxed&quot;}\" data-core-v316-plus=\"true\">\n\t\t\t\t\t<div class=\"e-con-inner\">\n\t\t\t\t<div class=\"elementor-element elementor-element-02c0301 elementor-widget elementor-widget-heading\" data-id=\"02c0301\" data-element_type=\"widget\" data-widget_type=\"heading.default\">\n\t\t\t\t<div class=\"elementor-widget-container\">\n\t\t\t<h4 class=\"elementor-heading-title elementor-size-default\">W czym mog\u0119 pom\u00f3c?<\/h4>\t\t<\/div>\n\t\t\t\t<\/div>\n\t\t\t\t<div class=\"elementor-element elementor-element-3e3afb7 elementor-widget-divider--view-line elementor-widget elementor-widget-divider\" data-id=\"3e3afb7\" data-element_type=\"widget\" data-widget_type=\"divider.default\">\n\t\t\t\t<div class=\"elementor-widget-container\">\n\t\t\t\t\t<div class=\"elementor-divider\">\n\t\t\t<span class=\"elementor-divider-separator\">\n\t\t\t\t\t\t<\/span>\n\t\t<\/div>\n\t\t\t\t<\/div>\n\t\t\t\t<\/div>\n\t\t\t\t<div class=\"elementor-element elementor-element-277d3f2 elementor-widget elementor-widget-text-editor\" data-id=\"277d3f2\" data-element_type=\"widget\" data-widget_type=\"text-editor.default\">\n\t\t\t\t<div class=\"elementor-widget-container\">\n\t\t\t\t\t\t\t<p>Praktykuj\u0119 bioenergoterapi\u0119 na sobie, na rodzinie i na klientach. Je\u017celi uznasz, \u017ce i Tobie mog\u0119 pom\u00f3c, to zazwyczaj mog\u0119 to zrobi\u0107 poprzez:<br \/>Przygotowanie indywidualnego zestawu dzia\u0142a\u0144 i czynno\u015bci profilaktycznych utrzymuj\u0105cych stan r\u00f3wnowagi energetycznej.<br \/>Wspieranie Ciebie w procesie oddzia\u0142ywa\u0144 energetycznych wspomagaj\u0105cych Tw\u00f3j proces leczenia i powr\u00f3t do r\u00f3wnowagi energetycznej.<br \/>Przywr\u00f3cenie harmonii emocjonalnej w\u0142asn\u0105 bezstresow\u0105 autorsk\u0105 metod\u0105, co znacz\u0105co poprawi i utrwali stan Twojej r\u00f3wnowagi energetycznej.<br \/>Poprzez g\u0142\u0119boki kontakt i przywr\u00f3cenie r\u00f3wnowagi na poziomie Twojego Ducha.<\/p>\t\t\t\t\t\t<\/div>\n\t\t\t\t<\/div>\n\t\t\t\t<div class=\"elementor-element elementor-element-9244470 elementor-widget elementor-widget-heading\" data-id=\"9244470\" data-element_type=\"widget\" data-widget_type=\"heading.default\">\n\t\t\t\t<div class=\"elementor-widget-container\">\n\t\t\t<h4 class=\"elementor-heading-title elementor-size-default\">Standardy:<\/h4>\t\t<\/div>\n\t\t\t\t<\/div>\n\t\t\t\t<div class=\"elementor-element elementor-element-9e29059 elementor-widget-divider--view-line elementor-widget elementor-widget-divider\" data-id=\"9e29059\" data-element_type=\"widget\" data-widget_type=\"divider.default\">\n\t\t\t\t<div class=\"elementor-widget-container\">\n\t\t\t\t\t<div class=\"elementor-divider\">\n\t\t\t<span class=\"elementor-divider-separator\">\n\t\t\t\t\t\t<\/span>\n\t\t<\/div>\n\t\t\t\t<\/div>\n\t\t\t\t<\/div>\n\t\t\t\t<div class=\"elementor-element elementor-element-30b39ef elementor-widget elementor-widget-text-editor\" data-id=\"30b39ef\" data-element_type=\"widget\" data-widget_type=\"text-editor.default\">\n\t\t\t\t<div class=\"elementor-widget-container\">\n\t\t\t\t\t\t\t<p>W bioenergoterapii trudno jest m\u00f3wi\u0107 o standardach us\u0142ug bo zazwyczaj ka\u017cdy kontakt z osob\u0105 potrzebuj\u0105c\u0105 jest inny. Niemniej jednak, to z czym zawsze si\u0119 spotkasz to b\u0119dzie:<\/p><ul><li>Diagnoza Twojego stanu energetycznego.<\/li><li>Rozmowa i analiza Twoich potrzeb.<\/li><li>Ustalenie formy i\u00a0rodzaj\u00f3w zabieg\u00f3w.<\/li><li>Oddzia\u0142ywania przywracaj\u0105ce Twoj\u0105 r\u00f3wnowag\u0119 (oczyszczaj\u0105ce lub energetyzuj\u0105ce), z\u00a0zastosowanie wielu technik na r\u00f3\u017cnych poziomach energetycznych<\/li><li>Rozmowa i\u00a0zalecenia w jaki spos\u00f3b nale\u017cy post\u0119powa\u0107, co poprawi\u0107, z czego zrezygnowa\u0107 w Twoim codziennym \u017cyciu by cieszy\u0107 si\u0119 harmoni\u0105 ducha i\u00a0ca\u0142a daj\u0105c\u0105 poczucie dobrostanu.<\/li><\/ul><p>Bardzo cz\u0119sto \u0142\u0105cz\u0119 bioenergoterapi\u0119 z radiestezj\u0105 i naturoterapi\u0105, poniewa\u017c mam do tego wiedze i kwalifikacje. Pozwala mi to spojrze\u0107 na Twoje problemy w\u00a0spos\u00f3b ca\u0142o\u015bciowy (holistyczny).<\/p>\t\t\t\t\t\t<\/div>\n\t\t\t\t<\/div>\n\t\t\t\t<div class=\"elementor-element elementor-element-e7cc2a4 elementor-widget elementor-widget-heading\" data-id=\"e7cc2a4\" data-element_type=\"widget\" data-widget_type=\"heading.default\">\n\t\t\t\t<div class=\"elementor-widget-container\">\n\t\t\t<h4 class=\"elementor-heading-title elementor-size-default\">Jak um\u00f3wi\u0107 nasze spotkanie?<\/h4>\t\t<\/div>\n\t\t\t\t<\/div>\n\t\t\t\t<div class=\"elementor-element elementor-element-acb963b elementor-widget-divider--view-line elementor-widget elementor-widget-divider\" data-id=\"acb963b\" data-element_type=\"widget\" data-widget_type=\"divider.default\">\n\t\t\t\t<div class=\"elementor-widget-container\">\n\t\t\t\t\t<div class=\"elementor-divider\">\n\t\t\t<span class=\"elementor-divider-separator\">\n\t\t\t\t\t\t<\/span>\n\t\t<\/div>\n\t\t\t\t<\/div>\n\t\t\t\t<\/div>\n\t\t\t\t<div class=\"elementor-element elementor-element-b6074f4 elementor-widget elementor-widget-text-editor\" data-id=\"b6074f4\" data-element_type=\"widget\" data-widget_type=\"text-editor.default\">\n\t\t\t\t<div class=\"elementor-widget-container\">\n\t\t\t\t\t\t\t<p>Po prostu zadzwo\u0144 do mnie. W czasie rozmowy stanowi\u0105cej nasz pierwszy kontakt, ustalimy termin i miejsce wizyty. <br \/>Zabieg mog\u0119 wykona\u0107 w gabinecie lub u Ciebie w domu. Czasami w trudnych sytuacjach, mog\u0119 zabieg wykona\u0107 w szpitalu lub wspom\u00f3c Ciebie lub Twoich bliskich na odleg\u0142o\u015b\u0107<\/p>\t\t\t\t\t\t<\/div>\n\t\t\t\t<\/div>\n\t\t\t\t\t<\/div>\n\t\t\t\t<\/div>\n\t\t\t\t\t\t\t<\/div>\n\t\t","protected":false},"excerpt":{"rendered":"<p>Bioenergoterapia Bioenergoterapia to praktyczna umiej\u0119tno\u015b\u0107 \u015bwiadomego odczuwania zaburze\u0144 energetycznych i\u00a0(\u015bwiadomego???) oddzia\u0142ywania terapeuty na pacjenta w celu przywr\u00f3cenia r\u00f3wnowagi energetycznejDefinicja zak\u0142ada:fakt istnienia energetycznej struktury cia\u0142a cz\u0142owieka wychodz\u0105cej poza cia\u0142o fizyczne,umiej\u0119tno\u015bci terapeuty do odczuwania oraz lokalizacji stref zaburze\u0144 energetycznych i\u00a0w\u0142a\u015bciwego postawienia diagnozy,fakt, \u017ce potencja\u0142 energetyczny terapeuty oraz jego umiej\u0119tno\u015bci stwarzaj\u0105 mo\u017cliwo\u015b\u0107 do oddzia\u0142ywania na\u00a0potrzebuj\u0105cego cz\u0142owieka w\u00a0celu przywr\u00f3cenia &hellip;<\/p>\n<p class=\"read-more\"> <a class=\"\" href=\"https:\/\/astemporary.pl\/?page_id=13\"> <span class=\"screen-reader-text\">ENERGOTERAPIA<\/span> Read More &raquo;<\/a><\/p>\n","protected":false},"author":1,"featured_media":0,"parent":0,"menu_order":0,"comment_status":"closed","ping_status":"closed","template":"","meta":{"site-sidebar-layout":"no-sidebar","site-content-layout":"","ast-site-content-layout":"full-width-container","site-content-style":"default","site-sidebar-style":"default","ast-global-header-display":"","ast-banner-title-visibility":"","ast-main-header-display":"","ast-hfb-above-header-display":"","ast-hfb-below-header-display":"","ast-hfb-mobile-header-display":"","site-post-title":"disabled","ast-breadcrumbs-content":"","ast-featured-img":"disabled","footer-sml-layout":"","theme-transparent-header-meta":"default","adv-header-id-meta":"","stick-header-meta":"","header-above-stick-meta":"","header-main-stick-meta":"","header-below-stick-meta":"","astra-migrate-meta-layouts":"set","ast-page-background-enabled":"default","ast-page-background-meta":{"desktop":{"background-color":"var(--ast-global-color-4)","background-image":"","background-repeat":"repeat","background-position":"center center","background-size":"auto","background-attachment":"scroll","background-type":"","background-media":"","overlay-type":"","overlay-color":"","overlay-gradient":""},"tablet":{"background-color":"","background-image":"","background-repeat":"repeat","background-position":"center center","background-size":"auto","background-attachment":"scroll","background-type":"","background-media":"","overlay-type":"","overlay-color":"","overlay-gradient":""},"mobile":{"background-color":"","background-image":"","background-repeat":"repeat","background-position":"center center","background-size":"auto","background-attachment":"scroll","background-type":"","background-media":"","overlay-type":"","overlay-color":"","overlay-gradient":""}},"ast-content-background-meta":{"desktop":{"background-color":"var(--ast-global-color-5)","background-image":"","background-repeat":"repeat","background-position":"center center","background-size":"auto","background-attachment":"scroll","background-type":"","background-media":"","overlay-type":"","overlay-color":"","overlay-gradient":""},"tablet":{"background-color":"var(--ast-global-color-5)","background-image":"","background-repeat":"repeat","background-position":"center center","background-size":"auto","background-attachment":"scroll","background-type":"","background-media":"","overlay-type":"","overlay-color":"","overlay-gradient":""},"mobile":{"background-color":"var(--ast-global-color-5)","background-image":"","background-repeat":"repeat","background-position":"center center","background-size":"auto","background-attachment":"scroll","background-type":"","background-media":"","overlay-type":"","overlay-color":"","overlay-gradient":""}},"footnotes":""},"class_list":["post-13","page","type-page","status-publish","hentry"],"_links":{"self":[{"href":"https:\/\/astemporary.pl\/index.php?rest_route=\/wp\/v2\/pages\/13","targetHints":{"allow":["GET"]}}],"collection":[{"href":"https:\/\/astemporary.pl\/index.php?rest_route=\/wp\/v2\/pages"}],"about":[{"href":"https:\/\/astemporary.pl\/index.php?rest_route=\/wp\/v2\/types\/page"}],"author":[{"embeddable":true,"href":"https:\/\/astemporary.pl\/index.php?rest_route=\/wp\/v2\/users\/1"}],"replies":[{"embeddable":true,"href":"https:\/\/astemporary.pl\/index.php?rest_route=%2Fwp%2Fv2%2Fcomments&post=13"}],"version-history":[{"count":31,"href":"https:\/\/astemporary.pl\/index.php?rest_route=\/wp\/v2\/pages\/13\/revisions"}],"predecessor-version":[{"id":280,"href":"https:\/\/astemporary.pl\/index.php?rest_route=\/wp\/v2\/pages\/13\/revisions\/280"}],"wp:attachment":[{"href":"https:\/\/astemporary.pl\/index.php?rest_route=%2Fwp%2Fv2%2Fmedia&parent=13"}],"curies":[{"name":"wp","href":"https:\/\/api.w.org\/{rel}","templated":true}]}}